{"id":26,"date":"2015-06-17T09:04:37","date_gmt":"2015-06-17T09:04:37","guid":{"rendered":"http:\/\/www.energia.es\/wordpress\/?page_id=26"},"modified":"2015-07-01T08:08:23","modified_gmt":"2015-07-01T08:08:23","slug":"eficiencia","status":"publish","type":"page","link":"https:\/\/www.energia.es\/?page_id=26","title":{"rendered":"Eficiencia energ\u00e9tica"},"content":{"rendered":"<p>Eficiencia y ahorro \u00a0energ\u00e9tico<\/p>\n<p>Eficiencia energ\u00e9tica es sin\u00f3nimo de ahorro, es dinero contante y sonante.<\/p>\n<p>Las inversiones en eficiencia deben poder ser amortizadas en corto plazo, para ello los m\u00e9todos y equipos han de ser estudiados en profundidad.<\/p>\n<p>En este aspecto nos centramos en indicar qu\u00e9 \u00a0podr\u00eda ser cambiado o actualizado para, sin dejar de cumplir su funci\u00f3n, consumir\u00a0menos energ\u00eda, ya sea t\u00e9rmica o el\u00e9ctrica.<\/p>\n<p>De entre todos los ejemplos posibles: \u00a0en una instalaci\u00f3n de bombeo de melazas se redujo en un 50% la potencia consumida instalando un cuadro con variadores de frecuencia en un banco de motores.<\/p>\n<p><a href=\"http:\/\/www.energia.es\/wp-content\/uploads\/clouds_old-300x481.jpg\"><img loading=\"lazy\" decoding=\"async\" class=\"alignnone  wp-image-168\" src=\"http:\/\/www.energia.es\/wp-content\/uploads\/clouds_old-300x481-300x48.jpg\" alt=\"clouds_old-300x48\" width=\"938\" height=\"150\" srcset=\"https:\/\/www.energia.es\/wp-content\/uploads\/clouds_old-300x481.jpg 300w, https:\/\/www.energia.es\/wp-content\/uploads\/clouds_old-300x481-150x24.jpg 150w, https:\/\/www.energia.es\/wp-content\/uploads\/clouds_old-300x481-100x16.jpg 100w, https:\/\/www.energia.es\/wp-content\/uploads\/clouds_old-300x481-200x32.jpg 200w\" sizes=\"auto, (max-width: 938px) 100vw, 938px\" \/><\/a><\/p>\n<p><!--more--><\/p>\n<p>Ahorrar energ\u00eda implica reducir costes de producci\u00f3n.<\/p>\n<p>El ahorro llega de m\u00faltiples formas: un equipo obsoleto que consume mucho, un proceso que podr\u00eda cambiarse por otro m\u00e1s eficiente, un sistema de tuber\u00edas mal dimensionado&#8230;.<\/p>\n<p>Otra de las formas de ahorro, que\u00a0no implica la instalaci\u00f3n de ning\u00fan equipo nuevo, fue un estudio de ahorro econ\u00f3mico que hicimos para una industria c\u00e1rnica.<\/p>\n<p>Esta contaba con tres puntos de conexi\u00f3n con diferentes tarifas ligadas a la potencia.<\/p>\n<p>Se realiz\u00f3 un estudio de cargas, de como entraban en el tiempo y de donde estaban conectadas.<\/p>\n<p>Al finalizar el estudio, y tras cambiar la conexi\u00f3n de algunos de los consumos, el tiempo de entrada en funcionamiento y la simultaneidad de los mismos, pudimos optimizar las tarifas a las que estaban sujetas los contratos de conexi\u00f3n y ahorrar un 12% de la misma, que a priori no parece mucho pero implicaba alrededor de 300.000 $ al a\u00f1o, y sin apenas cambios en la instalaci\u00f3n.<\/p>\n<p>&nbsp;<\/p>\n","protected":false},"excerpt":{"rendered":"<p>Eficiencia y ahorro \u00a0energ\u00e9tico Eficiencia energ\u00e9tica es sin\u00f3nimo de ahorro, es dinero contante y sonante. Las inversiones en eficiencia deben poder ser amortizadas en corto plazo, para ello los m\u00e9todos y equipos han de ser estudiados en profundidad. En este aspecto nos centramos en indicar qu\u00e9 \u00a0podr\u00eda ser cambiado o actualizado para, sin dejar de cumplir su funci\u00f3n, consumir\u00a0menos energ\u00eda, ya sea t\u00e9rmica o el\u00e9ctrica. De entre todos los ejemplos posibles: \u00a0en una instalaci\u00f3n de bombeo de melazas se redujo&hellip;<\/p>\n","protected":false},"author":1,"featured_media":0,"parent":0,"menu_order":0,"comment_status":"closed","ping_status":"closed","template":"","meta":{"footnotes":""},"class_list":["post-26","page","type-page","status-publish","hentry"],"yoast_head":"<!-- This site is optimized with the Yoast SEO plugin v27.0 - https:\/\/yoast.com\/product\/yoast-seo-wordpress\/ -->\n<title>Eficiencia energ\u00e9tica - Energ\u00eda.es<\/title>\n<meta name=\"description\" content=\"Eficiencia energ\u00e9tica y ahorro\" \/>\n<meta name=\"robots\" content=\"index, follow, max-snippet:-1, max-image-preview:large, max-video-preview:-1\" \/>\n<link rel=\"canonical\" href=\"https:\/\/www.energia.es\/?page_id=26\" \/>\n<meta property=\"og:locale\" content=\"es_ES\" \/>\n<meta property=\"og:type\" content=\"article\" \/>\n<meta property=\"og:title\" content=\"Eficiencia energ\u00e9tica - Energ\u00eda.es\" \/>\n<meta property=\"og:description\" content=\"Eficiencia energ\u00e9tica y ahorro\" \/>\n<meta property=\"og:url\" content=\"https:\/\/www.energia.es\/?page_id=26\" \/>\n<meta property=\"og:site_name\" content=\"Energ\u00eda.es\" \/>\n<meta property=\"article:modified_time\" content=\"2015-07-01T08:08:23+00:00\" \/>\n<meta property=\"og:image\" content=\"http:\/\/www.energia.es\/wp-content\/uploads\/clouds_old-300x481-300x48.jpg\" \/>\n<meta name=\"twitter:card\" content=\"summary_large_image\" \/>\n<meta name=\"twitter:label1\" content=\"Tiempo de lectura\" \/>\n\t<meta name=\"twitter:data1\" content=\"1 minuto\" \/>\n<script type=\"application\/ld+json\" class=\"yoast-schema-graph\">{\"@context\":\"https:\/\/schema.org\",\"@graph\":[{\"@type\":\"WebPage\",\"@id\":\"https:\/\/www.energia.es\/?page_id=26\",\"url\":\"https:\/\/www.energia.es\/?page_id=26\",\"name\":\"Eficiencia energ\u00e9tica - Energ\u00eda.es\",\"isPartOf\":{\"@id\":\"https:\/\/www.energia.es\/#website\"},\"primaryImageOfPage\":{\"@id\":\"https:\/\/www.energia.es\/?page_id=26#primaryimage\"},\"image\":{\"@id\":\"https:\/\/www.energia.es\/?page_id=26#primaryimage\"},\"thumbnailUrl\":\"http:\/\/www.energia.es\/wp-content\/uploads\/clouds_old-300x481-300x48.jpg\",\"datePublished\":\"2015-06-17T09:04:37+00:00\",\"dateModified\":\"2015-07-01T08:08:23+00:00\",\"description\":\"Eficiencia energ\u00e9tica y ahorro\",\"breadcrumb\":{\"@id\":\"https:\/\/www.energia.es\/?page_id=26#breadcrumb\"},\"inLanguage\":\"es\",\"potentialAction\":[{\"@type\":\"ReadAction\",\"target\":[\"https:\/\/www.energia.es\/?page_id=26\"]}]},{\"@type\":\"ImageObject\",\"inLanguage\":\"es\",\"@id\":\"https:\/\/www.energia.es\/?page_id=26#primaryimage\",\"url\":\"http:\/\/www.energia.es\/wp-content\/uploads\/clouds_old-300x481-300x48.jpg\",\"contentUrl\":\"http:\/\/www.energia.es\/wp-content\/uploads\/clouds_old-300x481-300x48.jpg\"},{\"@type\":\"BreadcrumbList\",\"@id\":\"https:\/\/www.energia.es\/?page_id=26#breadcrumb\",\"itemListElement\":[{\"@type\":\"ListItem\",\"position\":1,\"name\":\"Portada\",\"item\":\"https:\/\/www.energia.es\/\"},{\"@type\":\"ListItem\",\"position\":2,\"name\":\"Eficiencia energ\u00e9tica\"}]},{\"@type\":\"WebSite\",\"@id\":\"https:\/\/www.energia.es\/#website\",\"url\":\"https:\/\/www.energia.es\/\",\"name\":\"Energ\u00eda.es\",\"description\":\"Servicios de ingenier\u00eda\",\"potentialAction\":[{\"@type\":\"SearchAction\",\"target\":{\"@type\":\"EntryPoint\",\"urlTemplate\":\"https:\/\/www.energia.es\/?s={search_term_string}\"},\"query-input\":{\"@type\":\"PropertyValueSpecification\",\"valueRequired\":true,\"valueName\":\"search_term_string\"}}],\"inLanguage\":\"es\"}]}<\/script>\n<!-- \/ Yoast SEO plugin. -->","yoast_head_json":{"title":"Eficiencia energ\u00e9tica - Energ\u00eda.es","description":"Eficiencia energ\u00e9tica y ahorro","robots":{"index":"index","follow":"follow","max-snippet":"max-snippet:-1","max-image-preview":"max-image-preview:large","max-video-preview":"max-video-preview:-1"},"canonical":"https:\/\/www.energia.es\/?page_id=26","og_locale":"es_ES","og_type":"article","og_title":"Eficiencia energ\u00e9tica - Energ\u00eda.es","og_description":"Eficiencia energ\u00e9tica y ahorro","og_url":"https:\/\/www.energia.es\/?page_id=26","og_site_name":"Energ\u00eda.es","article_modified_time":"2015-07-01T08:08:23+00:00","og_image":[{"url":"http:\/\/www.energia.es\/wp-content\/uploads\/clouds_old-300x481-300x48.jpg","type":"","width":"","height":""}],"twitter_card":"summary_large_image","twitter_misc":{"Tiempo de lectura":"1 minuto"},"schema":{"@context":"https:\/\/schema.org","@graph":[{"@type":"WebPage","@id":"https:\/\/www.energia.es\/?page_id=26","url":"https:\/\/www.energia.es\/?page_id=26","name":"Eficiencia energ\u00e9tica - Energ\u00eda.es","isPartOf":{"@id":"https:\/\/www.energia.es\/#website"},"primaryImageOfPage":{"@id":"https:\/\/www.energia.es\/?page_id=26#primaryimage"},"image":{"@id":"https:\/\/www.energia.es\/?page_id=26#primaryimage"},"thumbnailUrl":"http:\/\/www.energia.es\/wp-content\/uploads\/clouds_old-300x481-300x48.jpg","datePublished":"2015-06-17T09:04:37+00:00","dateModified":"2015-07-01T08:08:23+00:00","description":"Eficiencia energ\u00e9tica y ahorro","breadcrumb":{"@id":"https:\/\/www.energia.es\/?page_id=26#breadcrumb"},"inLanguage":"es","potentialAction":[{"@type":"ReadAction","target":["https:\/\/www.energia.es\/?page_id=26"]}]},{"@type":"ImageObject","inLanguage":"es","@id":"https:\/\/www.energia.es\/?page_id=26#primaryimage","url":"http:\/\/www.energia.es\/wp-content\/uploads\/clouds_old-300x481-300x48.jpg","contentUrl":"http:\/\/www.energia.es\/wp-content\/uploads\/clouds_old-300x481-300x48.jpg"},{"@type":"BreadcrumbList","@id":"https:\/\/www.energia.es\/?page_id=26#breadcrumb","itemListElement":[{"@type":"ListItem","position":1,"name":"Portada","item":"https:\/\/www.energia.es\/"},{"@type":"ListItem","position":2,"name":"Eficiencia energ\u00e9tica"}]},{"@type":"WebSite","@id":"https:\/\/www.energia.es\/#website","url":"https:\/\/www.energia.es\/","name":"Energ\u00eda.es","description":"Servicios de ingenier\u00eda","potentialAction":[{"@type":"SearchAction","target":{"@type":"EntryPoint","urlTemplate":"https:\/\/www.energia.es\/?s={search_term_string}"},"query-input":{"@type":"PropertyValueSpecification","valueRequired":true,"valueName":"search_term_string"}}],"inLanguage":"es"}]}},"_links":{"self":[{"href":"https:\/\/www.energia.es\/index.php?rest_route=\/wp\/v2\/pages\/26","targetHints":{"allow":["GET"]}}],"collection":[{"href":"https:\/\/www.energia.es\/index.php?rest_route=\/wp\/v2\/pages"}],"about":[{"href":"https:\/\/www.energia.es\/index.php?rest_route=\/wp\/v2\/types\/page"}],"author":[{"embeddable":true,"href":"https:\/\/www.energia.es\/index.php?rest_route=\/wp\/v2\/users\/1"}],"replies":[{"embeddable":true,"href":"https:\/\/www.energia.es\/index.php?rest_route=%2Fwp%2Fv2%2Fcomments&post=26"}],"version-history":[{"count":0,"href":"https:\/\/www.energia.es\/index.php?rest_route=\/wp\/v2\/pages\/26\/revisions"}],"wp:attachment":[{"href":"https:\/\/www.energia.es\/index.php?rest_route=%2Fwp%2Fv2%2Fmedia&parent=26"}],"curies":[{"name":"wp","href":"https:\/\/api.w.org\/{rel}","templated":true}]}}