{"id":516,"date":"2019-06-29T16:44:57","date_gmt":"2019-06-29T16:44:57","guid":{"rendered":"http:\/\/www.energia.es\/?page_id=516"},"modified":"2019-06-29T21:01:18","modified_gmt":"2019-06-29T19:01:18","slug":"mision-vision-y-valores","status":"publish","type":"page","link":"https:\/\/www.energia.es\/?page_id=516","title":{"rendered":"Misi\u00f3n, Visi\u00f3n y Valores"},"content":{"rendered":"\n<p>Herederos de la cultura y el prestigio de la construcci\u00f3n de infraestructuras en la Espa\u00f1a de los a\u00f1os noventa, los promotores del proyecto fuimos conscientes de la responsabilidad que deb\u00edamos asumir; y de nuestra capacidad para poder hacer realidad la ambiciosa misi\u00f3n de proponer a las entonces autoridades responsables, tanto p\u00fablicas como privadas, soluciones t\u00e9cnicas de generaci\u00f3n de energ\u00eda el\u00e9ctrica que fueran de origen renovable. S\u00edntoma de que fuimos pioneros es nuestra denominaci\u00f3n de marca: \u201cenergia.es\u201d.<\/p>\n\n\n\n<p><\/p>\n\n\n\n<p> Durante a\u00f1os hemos tenido la oportunidad de desarrollar proyectos de esta naturaleza en cuatro de los seis continentes, con una potencia instalada de m\u00e1s de 3GW.<\/p>\n\n\n\n<p> En nuestro pa\u00eds, en el momento actual, el marco jur\u00eddico, econ\u00f3mico y pol\u00edtico es id\u00f3neo para la implementaci\u00f3n de estos sistemas de generaci\u00f3n, tanto para la red com\u00fan, como para los consumidores aut\u00f3nomos.<\/p>\n\n\n\n<p><br> Es nuestra misi\u00f3n poner al servicio de este prop\u00f3sito nuestro conocimiento, experiencia y estructura; con el fin de conseguir que Espa\u00f1a sea un referente en este campo. Las condiciones son ideales para ello, pues disponemos del mejor sol, de viento, de una cultura constructiva y mano de obra muy bien cualificada; y de un sistema econ\u00f3mico y jur\u00eddico reconocido y homologado. Reunimos todas las caracter\u00edsticas para ser un para\u00edso inversor en este sector.<\/p>\n\n\n\n<p><\/p>\n\n\n\n<p> Nuestra visi\u00f3n es que la sustituci\u00f3n progresiva de los sistemas de generaci\u00f3n de energ\u00eda por combusti\u00f3n de residuos f\u00f3siles, o de qu\u00edmica nuclear, por aquellos que son de origen renovable es imparable. Y el objetivo a conseguir no es s\u00f3lo la reducci\u00f3n de las emisiones de CO2. La posibilidad de generar en el mismo punto de consumo sin necesidad de transportar materia prima por la disponibilidad del sol, el viento, o el calor geot\u00e9rmico, es una superaci\u00f3n tecnol\u00f3gica tan extraordinariamente disruptiva que no tiene m\u00e1s que un sentido de avance.<\/p>\n\n\n\n<p><br> Y en coherencia con esta visi\u00f3n, los sistemas productivos y de gesti\u00f3n de las entidades y empresas dejar\u00e1n de ser competitivos si no se adaptan a esta nueva forma de entender la forma de organizarse.<\/p>\n\n\n\n<p><br> La globalizaci\u00f3n, la distribuci\u00f3n del tiempo dedicado al trabajo productivo real, el trabajo por equipos humanos de proyecto, y en definitiva, la modernizaci\u00f3n en la gesti\u00f3n, se impregnan mejor en el tejido productivo desde proyectos de nuestro sector de actividad.<\/p>\n\n\n\n<p><br> Convencidos de estos argumentos, nuestros valores se soportan sobre la generaci\u00f3n de valor y riqueza, el desarrollo de nuestro pa\u00eds, la asunci\u00f3n de un modelo de negocio en el que el reparto del beneficio sea coherente con el grado de aportaci\u00f3n al proyecto y la incontestable realidad de que los proyectos son por y para los hombres y mujeres que los hacen posibles y que los disfrutan, por lo que es preciso tener siempre en cuenta su componente humano.<\/p>\n\n\n\n<p><\/p>\n\n\n\n<p><\/p>\n\n\n\n<p>Misi\u00f3n:<\/p>\n\n\n\n<p>Aportar nuestro conocimiento, experiencia y estructura para el desarrollo e implantaci\u00f3n de sistemas de generaci\u00f3n de energ\u00edas de origen renovable en nuestro pa\u00eds.<\/p>\n\n\n\n<p><\/p>\n\n\n\n<p><\/p>\n\n\n\n<p>Visi\u00f3n:<\/p>\n\n\n\n<p>La generaci\u00f3n de energ\u00eda el\u00e9ctrica de origen renovable es una superaci\u00f3n tecnol\u00f3gica tan extraordinariamente disruptiva, que no tiene m\u00e1s que un sentido de avance.<\/p>\n\n\n\n<p>Acompa\u00f1ado de este avance, y en coherencia con \u00e9l, se ha impuesto un nuevo sistema de organizarse en las entidades y empresas, que es consciente de la globalizaci\u00f3n, la optimizaci\u00f3n del tiempo para la actividad productiva y la consecuci\u00f3n de objetivos por equipos humanos de trabajo. La no aceptaci\u00f3n de este hecho supondr\u00e1 una irremediable p\u00e9rdida de competitividad.<\/p>\n\n\n\n<p><\/p>\n\n\n\n<p><\/p>\n\n\n\n<p>Valores:<\/p>\n\n\n\n<p>Somos generadores de valor y riqueza. Queremos contribuir al desarrollo de nuestro pa\u00eds, y como pilar fundamental, queremos participar en el crecimiento de los hombres y mujeres que de alguna forma, se encuentran afectados por las acciones de nuestro proyecto.<\/p>\n","protected":false},"excerpt":{"rendered":"<p>Herederos de la cultura y el prestigio de la construcci\u00f3n de infraestructuras en la Espa\u00f1a de los a\u00f1os noventa, los promotores del proyecto fuimos conscientes de la responsabilidad que deb\u00edamos asumir; y de nuestra capacidad para poder hacer realidad la ambiciosa misi\u00f3n de proponer a las entonces autoridades responsables, tanto p\u00fablicas como privadas, soluciones t\u00e9cnicas de generaci\u00f3n de energ\u00eda el\u00e9ctrica que fueran de origen renovable. S\u00edntoma de que fuimos pioneros es nuestra denominaci\u00f3n de marca: \u201cenergia.es\u201d. Durante a\u00f1os hemos tenido&hellip;<\/p>\n","protected":false},"author":1,"featured_media":0,"parent":0,"menu_order":0,"comment_status":"closed","ping_status":"closed","template":"","meta":{"footnotes":""},"class_list":["post-516","page","type-page","status-publish","hentry"],"yoast_head":"<!-- This site is optimized with the Yoast SEO plugin v27.0 - https:\/\/yoast.com\/product\/yoast-seo-wordpress\/ -->\n<title>Misi\u00f3n, Visi\u00f3n y Valores - Energ\u00eda.es<\/title>\n<meta name=\"description\" content=\"Herederos de la cultura y el prestigio de la construcci\u00f3n de infraestructuras en la Espa\u00f1a de los a\u00f1os noventa, los promotores del proyecto fuimos\" \/>\n<meta name=\"robots\" content=\"index, follow, max-snippet:-1, max-image-preview:large, max-video-preview:-1\" \/>\n<link rel=\"canonical\" href=\"https:\/\/www.energia.es\/?page_id=516\" \/>\n<meta property=\"og:locale\" content=\"es_ES\" \/>\n<meta property=\"og:type\" content=\"article\" \/>\n<meta property=\"og:title\" content=\"Misi\u00f3n, Visi\u00f3n y Valores - Energ\u00eda.es\" \/>\n<meta property=\"og:description\" content=\"Herederos de la cultura y el prestigio de la construcci\u00f3n de infraestructuras en la Espa\u00f1a de los a\u00f1os noventa, los promotores del proyecto fuimos\" \/>\n<meta property=\"og:url\" content=\"https:\/\/www.energia.es\/?page_id=516\" \/>\n<meta property=\"og:site_name\" content=\"Energ\u00eda.es\" \/>\n<meta property=\"article:modified_time\" content=\"2019-06-29T19:01:18+00:00\" \/>\n<meta name=\"twitter:card\" content=\"summary_large_image\" \/>\n<meta name=\"twitter:label1\" content=\"Tiempo de lectura\" \/>\n\t<meta name=\"twitter:data1\" content=\"3 minutos\" \/>\n<script type=\"application\/ld+json\" class=\"yoast-schema-graph\">{\"@context\":\"https:\/\/schema.org\",\"@graph\":[{\"@type\":\"WebPage\",\"@id\":\"https:\/\/www.energia.es\/?page_id=516\",\"url\":\"https:\/\/www.energia.es\/?page_id=516\",\"name\":\"Misi\u00f3n, Visi\u00f3n y Valores - Energ\u00eda.es\",\"isPartOf\":{\"@id\":\"https:\/\/www.energia.es\/#website\"},\"datePublished\":\"2019-06-29T16:44:57+00:00\",\"dateModified\":\"2019-06-29T19:01:18+00:00\",\"description\":\"Herederos de la cultura y el prestigio de la construcci\u00f3n de infraestructuras en la Espa\u00f1a de los a\u00f1os noventa, los promotores del proyecto fuimos\",\"breadcrumb\":{\"@id\":\"https:\/\/www.energia.es\/?page_id=516#breadcrumb\"},\"inLanguage\":\"es\",\"potentialAction\":[{\"@type\":\"ReadAction\",\"target\":[\"https:\/\/www.energia.es\/?page_id=516\"]}]},{\"@type\":\"BreadcrumbList\",\"@id\":\"https:\/\/www.energia.es\/?page_id=516#breadcrumb\",\"itemListElement\":[{\"@type\":\"ListItem\",\"position\":1,\"name\":\"Portada\",\"item\":\"https:\/\/www.energia.es\/\"},{\"@type\":\"ListItem\",\"position\":2,\"name\":\"Misi\u00f3n, Visi\u00f3n y Valores\"}]},{\"@type\":\"WebSite\",\"@id\":\"https:\/\/www.energia.es\/#website\",\"url\":\"https:\/\/www.energia.es\/\",\"name\":\"Energ\u00eda.es\",\"description\":\"Servicios de ingenier\u00eda\",\"potentialAction\":[{\"@type\":\"SearchAction\",\"target\":{\"@type\":\"EntryPoint\",\"urlTemplate\":\"https:\/\/www.energia.es\/?s={search_term_string}\"},\"query-input\":{\"@type\":\"PropertyValueSpecification\",\"valueRequired\":true,\"valueName\":\"search_term_string\"}}],\"inLanguage\":\"es\"}]}<\/script>\n<!-- \/ Yoast SEO plugin. -->","yoast_head_json":{"title":"Misi\u00f3n, Visi\u00f3n y Valores - Energ\u00eda.es","description":"Herederos de la cultura y el prestigio de la construcci\u00f3n de infraestructuras en la Espa\u00f1a de los a\u00f1os noventa, los promotores del proyecto fuimos","robots":{"index":"index","follow":"follow","max-snippet":"max-snippet:-1","max-image-preview":"max-image-preview:large","max-video-preview":"max-video-preview:-1"},"canonical":"https:\/\/www.energia.es\/?page_id=516","og_locale":"es_ES","og_type":"article","og_title":"Misi\u00f3n, Visi\u00f3n y Valores - Energ\u00eda.es","og_description":"Herederos de la cultura y el prestigio de la construcci\u00f3n de infraestructuras en la Espa\u00f1a de los a\u00f1os noventa, los promotores del proyecto fuimos","og_url":"https:\/\/www.energia.es\/?page_id=516","og_site_name":"Energ\u00eda.es","article_modified_time":"2019-06-29T19:01:18+00:00","twitter_card":"summary_large_image","twitter_misc":{"Tiempo de lectura":"3 minutos"},"schema":{"@context":"https:\/\/schema.org","@graph":[{"@type":"WebPage","@id":"https:\/\/www.energia.es\/?page_id=516","url":"https:\/\/www.energia.es\/?page_id=516","name":"Misi\u00f3n, Visi\u00f3n y Valores - Energ\u00eda.es","isPartOf":{"@id":"https:\/\/www.energia.es\/#website"},"datePublished":"2019-06-29T16:44:57+00:00","dateModified":"2019-06-29T19:01:18+00:00","description":"Herederos de la cultura y el prestigio de la construcci\u00f3n de infraestructuras en la Espa\u00f1a de los a\u00f1os noventa, los promotores del proyecto fuimos","breadcrumb":{"@id":"https:\/\/www.energia.es\/?page_id=516#breadcrumb"},"inLanguage":"es","potentialAction":[{"@type":"ReadAction","target":["https:\/\/www.energia.es\/?page_id=516"]}]},{"@type":"BreadcrumbList","@id":"https:\/\/www.energia.es\/?page_id=516#breadcrumb","itemListElement":[{"@type":"ListItem","position":1,"name":"Portada","item":"https:\/\/www.energia.es\/"},{"@type":"ListItem","position":2,"name":"Misi\u00f3n, Visi\u00f3n y Valores"}]},{"@type":"WebSite","@id":"https:\/\/www.energia.es\/#website","url":"https:\/\/www.energia.es\/","name":"Energ\u00eda.es","description":"Servicios de ingenier\u00eda","potentialAction":[{"@type":"SearchAction","target":{"@type":"EntryPoint","urlTemplate":"https:\/\/www.energia.es\/?s={search_term_string}"},"query-input":{"@type":"PropertyValueSpecification","valueRequired":true,"valueName":"search_term_string"}}],"inLanguage":"es"}]}},"_links":{"self":[{"href":"https:\/\/www.energia.es\/index.php?rest_route=\/wp\/v2\/pages\/516","targetHints":{"allow":["GET"]}}],"collection":[{"href":"https:\/\/www.energia.es\/index.php?rest_route=\/wp\/v2\/pages"}],"about":[{"href":"https:\/\/www.energia.es\/index.php?rest_route=\/wp\/v2\/types\/page"}],"author":[{"embeddable":true,"href":"https:\/\/www.energia.es\/index.php?rest_route=\/wp\/v2\/users\/1"}],"replies":[{"embeddable":true,"href":"https:\/\/www.energia.es\/index.php?rest_route=%2Fwp%2Fv2%2Fcomments&post=516"}],"version-history":[{"count":3,"href":"https:\/\/www.energia.es\/index.php?rest_route=\/wp\/v2\/pages\/516\/revisions"}],"predecessor-version":[{"id":592,"href":"https:\/\/www.energia.es\/index.php?rest_route=\/wp\/v2\/pages\/516\/revisions\/592"}],"wp:attachment":[{"href":"https:\/\/www.energia.es\/index.php?rest_route=%2Fwp%2Fv2%2Fmedia&parent=516"}],"curies":[{"name":"wp","href":"https:\/\/api.w.org\/{rel}","templated":true}]}}