{"id":519,"date":"2019-06-29T16:48:48","date_gmt":"2019-06-29T16:48:48","guid":{"rendered":"http:\/\/www.energia.es\/?page_id=519"},"modified":"2019-06-29T16:48:49","modified_gmt":"2019-06-29T16:48:49","slug":"presentacion-corporativa","status":"publish","type":"page","link":"https:\/\/www.energia.es\/","title":{"rendered":"Presentaci\u00f3n Corporativa"},"content":{"rendered":"\n<p>El alcance de nuestros servicios y productos cubre la cadena de valor completa de un proyecto, desde la identificaci\u00f3n de la oportunidad del negocio, el desarrollo del proyecto de ingenier\u00eda -incluyendo los permisos, licencias y autorizaciones-, la construcci\u00f3n, la explotaci\u00f3n y el mantenimiento.<\/p>\n\n\n\n<p><br> Los dos tipos de proyectos que trabajamos son los de generaci\u00f3n sobre suelo y los de autoconsumo; y en ambos casos, ofrecemos a nuestros clientes una soluci\u00f3n integral \u201cllave en mano\u201d. En consecuencia, nuestros clientes responden a dos perfiles diferentes: Aquellos que buscan una rentable y estable opci\u00f3n de inversi\u00f3n; y los que pretenden adoptar soluciones t\u00e9cnicas como medida para optimizar sus consumos.<\/p>\n\n\n\n<p><br> La garant\u00eda de \u00e9xito de nuestros proyectos se fundamenta en dos cuestiones b\u00e1sicas: La solvencia de nuestro equipo humano, con m\u00e1s de veinte a\u00f1os de experiencia e integraci\u00f3n en el sector; y nuestro modelo de negocio, basado en la especializaci\u00f3n e implicaci\u00f3n de los equipos responsables de cada unidad a ejecutar.<\/p>\n\n\n\n<p><br> Conscientes de nuestra responsabilidad por nuestra condici\u00f3n de generadores de valor y riqueza, y del impacto positivo de nuestra actividad en el avance hacia una organizaci\u00f3n socioecon\u00f3mica m\u00e1s sostenible, uno de nuestros motivos fundamentales es la constante b\u00fasqueda de la innovaci\u00f3n en sistemas de gesti\u00f3n m\u00e1s modernos y adaptados; as\u00ed como, la inversi\u00f3n e implicaci\u00f3n en programas de investigaci\u00f3n cient\u00edfica relacionados con nuestro sector, del cual nos sentimos actores protagonistas.<\/p>\n","protected":false},"excerpt":{"rendered":"<p>El alcance de nuestros servicios y productos cubre la cadena de valor completa de un proyecto, desde la identificaci\u00f3n de la oportunidad del negocio, el desarrollo del proyecto de ingenier\u00eda -incluyendo los permisos, licencias y autorizaciones-, la construcci\u00f3n, la explotaci\u00f3n y el mantenimiento. Los dos tipos de proyectos que trabajamos son los de generaci\u00f3n sobre suelo y los de autoconsumo; y en ambos casos, ofrecemos a nuestros clientes una soluci\u00f3n integral \u201cllave en mano\u201d. En consecuencia, nuestros clientes responden a&hellip;<\/p>\n","protected":false},"author":1,"featured_media":0,"parent":0,"menu_order":0,"comment_status":"closed","ping_status":"closed","template":"","meta":{"footnotes":""},"class_list":["post-519","page","type-page","status-publish","hentry"],"yoast_head":"<!-- This site is optimized with the Yoast SEO plugin v27.0 - https:\/\/yoast.com\/product\/yoast-seo-wordpress\/ -->\n<title>Presentaci\u00f3n Corporativa - Energ\u00eda.es<\/title>\n<meta name=\"description\" content=\"El alcance de nuestros servicios y productos cubre la cadena de valor completa de un proyecto, desde la identificaci\u00f3n de la oportunidad del negocio, el\" \/>\n<meta name=\"robots\" content=\"index, follow, max-snippet:-1, max-image-preview:large, max-video-preview:-1\" \/>\n<link rel=\"canonical\" href=\"https:\/\/www.energia.es\/\" \/>\n<meta property=\"og:locale\" content=\"es_ES\" \/>\n<meta property=\"og:type\" content=\"article\" \/>\n<meta property=\"og:title\" content=\"Presentaci\u00f3n Corporativa - Energ\u00eda.es\" \/>\n<meta property=\"og:description\" content=\"El alcance de nuestros servicios y productos cubre la cadena de valor completa de un proyecto, desde la identificaci\u00f3n de la oportunidad del negocio, el\" \/>\n<meta property=\"og:url\" content=\"https:\/\/www.energia.es\/\" \/>\n<meta property=\"og:site_name\" content=\"Energ\u00eda.es\" \/>\n<meta property=\"article:modified_time\" content=\"2019-06-29T16:48:49+00:00\" \/>\n<meta name=\"twitter:card\" content=\"summary_large_image\" \/>\n<meta name=\"twitter:label1\" content=\"Tiempo de lectura\" \/>\n\t<meta name=\"twitter:data1\" content=\"1 minuto\" \/>\n<script type=\"application\/ld+json\" class=\"yoast-schema-graph\">{\"@context\":\"https:\/\/schema.org\",\"@graph\":[{\"@type\":\"WebPage\",\"@id\":\"https:\/\/www.energia.es\/\",\"url\":\"https:\/\/www.energia.es\/\",\"name\":\"Presentaci\u00f3n Corporativa - Energ\u00eda.es\",\"isPartOf\":{\"@id\":\"https:\/\/www.energia.es\/#website\"},\"datePublished\":\"2019-06-29T16:48:48+00:00\",\"dateModified\":\"2019-06-29T16:48:49+00:00\",\"description\":\"El alcance de nuestros servicios y productos cubre la cadena de valor completa de un proyecto, desde la identificaci\u00f3n de la oportunidad del negocio, el\",\"breadcrumb\":{\"@id\":\"https:\/\/www.energia.es\/#breadcrumb\"},\"inLanguage\":\"es\",\"potentialAction\":[{\"@type\":\"ReadAction\",\"target\":[\"https:\/\/www.energia.es\/\"]}]},{\"@type\":\"BreadcrumbList\",\"@id\":\"https:\/\/www.energia.es\/#breadcrumb\",\"itemListElement\":[{\"@type\":\"ListItem\",\"position\":1,\"name\":\"Portada\",\"item\":\"https:\/\/www.energia.es\/\"},{\"@type\":\"ListItem\",\"position\":2,\"name\":\"Presentaci\u00f3n Corporativa\"}]},{\"@type\":\"WebSite\",\"@id\":\"https:\/\/www.energia.es\/#website\",\"url\":\"https:\/\/www.energia.es\/\",\"name\":\"Energ\u00eda.es\",\"description\":\"Servicios de ingenier\u00eda\",\"potentialAction\":[{\"@type\":\"SearchAction\",\"target\":{\"@type\":\"EntryPoint\",\"urlTemplate\":\"https:\/\/www.energia.es\/?s={search_term_string}\"},\"query-input\":{\"@type\":\"PropertyValueSpecification\",\"valueRequired\":true,\"valueName\":\"search_term_string\"}}],\"inLanguage\":\"es\"}]}<\/script>\n<!-- \/ Yoast SEO plugin. -->","yoast_head_json":{"title":"Presentaci\u00f3n Corporativa - Energ\u00eda.es","description":"El alcance de nuestros servicios y productos cubre la cadena de valor completa de un proyecto, desde la identificaci\u00f3n de la oportunidad del negocio, el","robots":{"index":"index","follow":"follow","max-snippet":"max-snippet:-1","max-image-preview":"max-image-preview:large","max-video-preview":"max-video-preview:-1"},"canonical":"https:\/\/www.energia.es\/","og_locale":"es_ES","og_type":"article","og_title":"Presentaci\u00f3n Corporativa - Energ\u00eda.es","og_description":"El alcance de nuestros servicios y productos cubre la cadena de valor completa de un proyecto, desde la identificaci\u00f3n de la oportunidad del negocio, el","og_url":"https:\/\/www.energia.es\/","og_site_name":"Energ\u00eda.es","article_modified_time":"2019-06-29T16:48:49+00:00","twitter_card":"summary_large_image","twitter_misc":{"Tiempo de lectura":"1 minuto"},"schema":{"@context":"https:\/\/schema.org","@graph":[{"@type":"WebPage","@id":"https:\/\/www.energia.es\/","url":"https:\/\/www.energia.es\/","name":"Presentaci\u00f3n Corporativa - Energ\u00eda.es","isPartOf":{"@id":"https:\/\/www.energia.es\/#website"},"datePublished":"2019-06-29T16:48:48+00:00","dateModified":"2019-06-29T16:48:49+00:00","description":"El alcance de nuestros servicios y productos cubre la cadena de valor completa de un proyecto, desde la identificaci\u00f3n de la oportunidad del negocio, el","breadcrumb":{"@id":"https:\/\/www.energia.es\/#breadcrumb"},"inLanguage":"es","potentialAction":[{"@type":"ReadAction","target":["https:\/\/www.energia.es\/"]}]},{"@type":"BreadcrumbList","@id":"https:\/\/www.energia.es\/#breadcrumb","itemListElement":[{"@type":"ListItem","position":1,"name":"Portada","item":"https:\/\/www.energia.es\/"},{"@type":"ListItem","position":2,"name":"Presentaci\u00f3n Corporativa"}]},{"@type":"WebSite","@id":"https:\/\/www.energia.es\/#website","url":"https:\/\/www.energia.es\/","name":"Energ\u00eda.es","description":"Servicios de ingenier\u00eda","potentialAction":[{"@type":"SearchAction","target":{"@type":"EntryPoint","urlTemplate":"https:\/\/www.energia.es\/?s={search_term_string}"},"query-input":{"@type":"PropertyValueSpecification","valueRequired":true,"valueName":"search_term_string"}}],"inLanguage":"es"}]}},"_links":{"self":[{"href":"https:\/\/www.energia.es\/index.php?rest_route=\/wp\/v2\/pages\/519","targetHints":{"allow":["GET"]}}],"collection":[{"href":"https:\/\/www.energia.es\/index.php?rest_route=\/wp\/v2\/pages"}],"about":[{"href":"https:\/\/www.energia.es\/index.php?rest_route=\/wp\/v2\/types\/page"}],"author":[{"embeddable":true,"href":"https:\/\/www.energia.es\/index.php?rest_route=\/wp\/v2\/users\/1"}],"replies":[{"embeddable":true,"href":"https:\/\/www.energia.es\/index.php?rest_route=%2Fwp%2Fv2%2Fcomments&post=519"}],"version-history":[{"count":2,"href":"https:\/\/www.energia.es\/index.php?rest_route=\/wp\/v2\/pages\/519\/revisions"}],"predecessor-version":[{"id":521,"href":"https:\/\/www.energia.es\/index.php?rest_route=\/wp\/v2\/pages\/519\/revisions\/521"}],"wp:attachment":[{"href":"https:\/\/www.energia.es\/index.php?rest_route=%2Fwp%2Fv2%2Fmedia&parent=519"}],"curies":[{"name":"wp","href":"https:\/\/api.w.org\/{rel}","templated":true}]}}