{"id":552,"date":"2019-06-29T17:40:29","date_gmt":"2019-06-29T17:40:29","guid":{"rendered":"http:\/\/www.energia.es\/?page_id=552"},"modified":"2019-06-29T17:40:30","modified_gmt":"2019-06-29T17:40:30","slug":"invertir-en-energia-solar","status":"publish","type":"page","link":"https:\/\/www.energia.es\/?page_id=552","title":{"rendered":"Invertir en Energ\u00eda Solar"},"content":{"rendered":"\n<p>En el momento actual, el mercado de la energ\u00eda de origen renovable en Espa\u00f1a ha alcanzado su grado de madurez \u00f3ptimo.<\/p>\n\n\n\n<p><br> El marco regulatorio ha consolidado la convergencia con las disposiciones de la Uni\u00f3n Europea y est\u00e1 perfectamente alineada con ella en la tendencia de potenciar  y proteger la promoci\u00f3n de la generaci\u00f3n de este tipo de energ\u00eda.<\/p>\n\n\n\n<p><br> En el \u00e1mbito econ\u00f3mico, los precios de compraventa del mercado han alcanzado su punto de equilibrio y su evoluci\u00f3n es previsible. Los contratos de compraventa de energ\u00eda est\u00e1n muy definidos y se establecen sobre par\u00e1metros de precios y plazos seguros. <\/p>\n\n\n\n<p><br> En Espa\u00f1a el mercado de la electricidad no est\u00e1 sujeto a primas; es gestionado por OMIE, donde los agentes compradores y vendedores contratan la potencia el\u00e9ctrica que necesitan a precios p\u00fablicos y transparentes. OMI-POLO  ESPA\u00d1OL  gestiona de manera integrada los mercados, y su modelo de funcionamiento es el mismo que el de muchos otros pa\u00edses europeos.<\/p>\n\n\n\n<p><br> En este escenario, el inter\u00e9s de los inversores en promover plantas de generaci\u00f3n de energ\u00eda fotovoltaica en Espa\u00f1a ha crecido significativamente, potenciado tambi\u00e9n por las siguientes condiciones:<\/p>\n\n\n\n<p><br> La radiaci\u00f3n solar en Espa\u00f1a, especialmente en el sur del pa\u00eds, es excelente, lo que permite unas horas de producci\u00f3n muy elevadas de la planta; esta circunstancia implica que los modelos econ\u00f3micos ofrezcan una rentabilidad estable muy atractiva.<\/p>\n\n\n\n<p><br> Los t\u00e9cnicos especializados  y las empresas constructoras espa\u00f1olas del sector son referente mundial por su capacidad tecnol\u00f3gica y su solvencia administrativa y t\u00e9cnica.<\/p>\n\n\n\n<p><br> La implementaci\u00f3n de las modalidades de producci\u00f3n con autoconsumo es un nuevo impulso para la elecci\u00f3n por parte de medianos y grandes consumidores de la formalizaci\u00f3n de acuerdos entre el consumidor, la comercializadora, y el productor de energ\u00eda fotovoltaica.<\/p>\n\n\n\n<p><br> En este justo momento, el mercado demanda energ\u00eda de origen renovable; por lo que despu\u00e9s del duro tr\u00e1nsito del sector hasta alcanzar el grado de madurez en el que ahora se encuentra, se abre una nueva ventana de oportunidad en la que el generador de energ\u00eda el\u00e9ctrica fotovoltaica se sit\u00faa en una posici\u00f3n privilegiada dentro del mercado.<\/p>\n","protected":false},"excerpt":{"rendered":"<p>En el momento actual, el mercado de la energ\u00eda de origen renovable en Espa\u00f1a ha alcanzado su grado de madurez \u00f3ptimo. El marco regulatorio ha consolidado la convergencia con las disposiciones de la Uni\u00f3n Europea y est\u00e1 perfectamente alineada con ella en la tendencia de potenciar y proteger la promoci\u00f3n de la generaci\u00f3n de este tipo de energ\u00eda. En el \u00e1mbito econ\u00f3mico, los precios de compraventa del mercado han alcanzado su punto de equilibrio y su evoluci\u00f3n es previsible. Los&hellip;<\/p>\n","protected":false},"author":1,"featured_media":0,"parent":0,"menu_order":0,"comment_status":"closed","ping_status":"closed","template":"","meta":{"footnotes":""},"class_list":["post-552","page","type-page","status-publish","hentry"],"yoast_head":"<!-- This site is optimized with the Yoast SEO plugin v27.0 - https:\/\/yoast.com\/product\/yoast-seo-wordpress\/ -->\n<title>Invertir en Energ\u00eda Solar - Energ\u00eda.es<\/title>\n<meta name=\"description\" content=\"En el momento actual, el mercado de la energ\u00eda de origen renovable en Espa\u00f1a ha alcanzado su grado de madurez \u00f3ptimo. El marco regulatorio ha consolidado\" \/>\n<meta name=\"robots\" content=\"index, follow, max-snippet:-1, max-image-preview:large, max-video-preview:-1\" \/>\n<link rel=\"canonical\" href=\"https:\/\/www.energia.es\/?page_id=552\" \/>\n<meta property=\"og:locale\" content=\"es_ES\" \/>\n<meta property=\"og:type\" content=\"article\" \/>\n<meta property=\"og:title\" content=\"Invertir en Energ\u00eda Solar - Energ\u00eda.es\" \/>\n<meta property=\"og:description\" content=\"En el momento actual, el mercado de la energ\u00eda de origen renovable en Espa\u00f1a ha alcanzado su grado de madurez \u00f3ptimo. El marco regulatorio ha consolidado\" \/>\n<meta property=\"og:url\" content=\"https:\/\/www.energia.es\/?page_id=552\" \/>\n<meta property=\"og:site_name\" content=\"Energ\u00eda.es\" \/>\n<meta property=\"article:modified_time\" content=\"2019-06-29T17:40:30+00:00\" \/>\n<meta name=\"twitter:card\" content=\"summary_large_image\" \/>\n<meta name=\"twitter:label1\" content=\"Tiempo de lectura\" \/>\n\t<meta name=\"twitter:data1\" content=\"2 minutos\" \/>\n<script type=\"application\/ld+json\" class=\"yoast-schema-graph\">{\"@context\":\"https:\/\/schema.org\",\"@graph\":[{\"@type\":\"WebPage\",\"@id\":\"https:\/\/www.energia.es\/?page_id=552\",\"url\":\"https:\/\/www.energia.es\/?page_id=552\",\"name\":\"Invertir en Energ\u00eda Solar - Energ\u00eda.es\",\"isPartOf\":{\"@id\":\"https:\/\/www.energia.es\/#website\"},\"datePublished\":\"2019-06-29T17:40:29+00:00\",\"dateModified\":\"2019-06-29T17:40:30+00:00\",\"description\":\"En el momento actual, el mercado de la energ\u00eda de origen renovable en Espa\u00f1a ha alcanzado su grado de madurez \u00f3ptimo. El marco regulatorio ha consolidado\",\"breadcrumb\":{\"@id\":\"https:\/\/www.energia.es\/?page_id=552#breadcrumb\"},\"inLanguage\":\"es\",\"potentialAction\":[{\"@type\":\"ReadAction\",\"target\":[\"https:\/\/www.energia.es\/?page_id=552\"]}]},{\"@type\":\"BreadcrumbList\",\"@id\":\"https:\/\/www.energia.es\/?page_id=552#breadcrumb\",\"itemListElement\":[{\"@type\":\"ListItem\",\"position\":1,\"name\":\"Portada\",\"item\":\"https:\/\/www.energia.es\/\"},{\"@type\":\"ListItem\",\"position\":2,\"name\":\"Invertir en Energ\u00eda Solar\"}]},{\"@type\":\"WebSite\",\"@id\":\"https:\/\/www.energia.es\/#website\",\"url\":\"https:\/\/www.energia.es\/\",\"name\":\"Energ\u00eda.es\",\"description\":\"Servicios de ingenier\u00eda\",\"potentialAction\":[{\"@type\":\"SearchAction\",\"target\":{\"@type\":\"EntryPoint\",\"urlTemplate\":\"https:\/\/www.energia.es\/?s={search_term_string}\"},\"query-input\":{\"@type\":\"PropertyValueSpecification\",\"valueRequired\":true,\"valueName\":\"search_term_string\"}}],\"inLanguage\":\"es\"}]}<\/script>\n<!-- \/ Yoast SEO plugin. -->","yoast_head_json":{"title":"Invertir en Energ\u00eda Solar - Energ\u00eda.es","description":"En el momento actual, el mercado de la energ\u00eda de origen renovable en Espa\u00f1a ha alcanzado su grado de madurez \u00f3ptimo. El marco regulatorio ha consolidado","robots":{"index":"index","follow":"follow","max-snippet":"max-snippet:-1","max-image-preview":"max-image-preview:large","max-video-preview":"max-video-preview:-1"},"canonical":"https:\/\/www.energia.es\/?page_id=552","og_locale":"es_ES","og_type":"article","og_title":"Invertir en Energ\u00eda Solar - Energ\u00eda.es","og_description":"En el momento actual, el mercado de la energ\u00eda de origen renovable en Espa\u00f1a ha alcanzado su grado de madurez \u00f3ptimo. El marco regulatorio ha consolidado","og_url":"https:\/\/www.energia.es\/?page_id=552","og_site_name":"Energ\u00eda.es","article_modified_time":"2019-06-29T17:40:30+00:00","twitter_card":"summary_large_image","twitter_misc":{"Tiempo de lectura":"2 minutos"},"schema":{"@context":"https:\/\/schema.org","@graph":[{"@type":"WebPage","@id":"https:\/\/www.energia.es\/?page_id=552","url":"https:\/\/www.energia.es\/?page_id=552","name":"Invertir en Energ\u00eda Solar - Energ\u00eda.es","isPartOf":{"@id":"https:\/\/www.energia.es\/#website"},"datePublished":"2019-06-29T17:40:29+00:00","dateModified":"2019-06-29T17:40:30+00:00","description":"En el momento actual, el mercado de la energ\u00eda de origen renovable en Espa\u00f1a ha alcanzado su grado de madurez \u00f3ptimo. El marco regulatorio ha consolidado","breadcrumb":{"@id":"https:\/\/www.energia.es\/?page_id=552#breadcrumb"},"inLanguage":"es","potentialAction":[{"@type":"ReadAction","target":["https:\/\/www.energia.es\/?page_id=552"]}]},{"@type":"BreadcrumbList","@id":"https:\/\/www.energia.es\/?page_id=552#breadcrumb","itemListElement":[{"@type":"ListItem","position":1,"name":"Portada","item":"https:\/\/www.energia.es\/"},{"@type":"ListItem","position":2,"name":"Invertir en Energ\u00eda Solar"}]},{"@type":"WebSite","@id":"https:\/\/www.energia.es\/#website","url":"https:\/\/www.energia.es\/","name":"Energ\u00eda.es","description":"Servicios de ingenier\u00eda","potentialAction":[{"@type":"SearchAction","target":{"@type":"EntryPoint","urlTemplate":"https:\/\/www.energia.es\/?s={search_term_string}"},"query-input":{"@type":"PropertyValueSpecification","valueRequired":true,"valueName":"search_term_string"}}],"inLanguage":"es"}]}},"_links":{"self":[{"href":"https:\/\/www.energia.es\/index.php?rest_route=\/wp\/v2\/pages\/552","targetHints":{"allow":["GET"]}}],"collection":[{"href":"https:\/\/www.energia.es\/index.php?rest_route=\/wp\/v2\/pages"}],"about":[{"href":"https:\/\/www.energia.es\/index.php?rest_route=\/wp\/v2\/types\/page"}],"author":[{"embeddable":true,"href":"https:\/\/www.energia.es\/index.php?rest_route=\/wp\/v2\/users\/1"}],"replies":[{"embeddable":true,"href":"https:\/\/www.energia.es\/index.php?rest_route=%2Fwp%2Fv2%2Fcomments&post=552"}],"version-history":[{"count":2,"href":"https:\/\/www.energia.es\/index.php?rest_route=\/wp\/v2\/pages\/552\/revisions"}],"predecessor-version":[{"id":554,"href":"https:\/\/www.energia.es\/index.php?rest_route=\/wp\/v2\/pages\/552\/revisions\/554"}],"wp:attachment":[{"href":"https:\/\/www.energia.es\/index.php?rest_route=%2Fwp%2Fv2%2Fmedia&parent=552"}],"curies":[{"name":"wp","href":"https:\/\/api.w.org\/{rel}","templated":true}]}}