{"id":555,"date":"2019-06-29T17:42:13","date_gmt":"2019-06-29T17:42:13","guid":{"rendered":"http:\/\/www.energia.es\/?page_id=555"},"modified":"2019-06-29T17:42:13","modified_gmt":"2019-06-29T17:42:13","slug":"autoconsumo","status":"publish","type":"page","link":"https:\/\/www.energia.es\/?page_id=555","title":{"rendered":"Autoconsumo"},"content":{"rendered":"\n<p>Las posibilidades que ha abierto la aplicaci\u00f3n del com\u00fanmente llamado \u201cReal Decreto de autoconsumo el\u00e9ctrico\u201d son muy recientes, de este a\u00f1o; y adem\u00e1s, suponen un cambio significativo en la forma de concebir la gesti\u00f3n de la necesaria energ\u00eda el\u00e9ctrica que desde la forma m\u00e1s b\u00e1sica de construcci\u00f3n, hasta la m\u00e1s compleja edificaci\u00f3n precisan.<\/p>\n\n\n\n<p><br> Sin \u00e1nimo de resultar excesivamente pedag\u00f3gicos, utilizaremos una sencilla comparaci\u00f3n para hacerles entender la enorme ventaja de asumir este sistema.<\/p>\n\n\n\n<p><br> Ante su necesidad de tomates, ustedes pueden decidir adquirirlos en el mercado pagando no s\u00f3lo el coste del elemento fundamental, sino tambi\u00e9n sus impuestos a\u00f1adidos, tasas, costes de transporte y m\u00e1rgenes comerciales de los distribuidores; o pueden tener un huerto de su propiedad y aunque deben ocuparse de su mantenimiento (con sus gastos correspondientes), podr\u00e1n ahorrarse gran parte de los costes de la opci\u00f3n del mercado. Sin entrar en c\u00e1lculos detallados, es m\u00e1s que probable que en la mayor\u00eda de los casos la opci\u00f3n del huerto ser\u00e1 m\u00e1s conveniente.<\/p>\n\n\n\n<p><br> La incidencia del ahorro en energ\u00eda el\u00e9ctrica supone un importante beneficio para todos los estamentos de la organizaci\u00f3n socioecon\u00f3mica: familias, comunidades de propietarios, peque\u00f1as empresas, o grandes consumidores industriales o de prestaci\u00f3n de servicios.<\/p>\n\n\n\n<p><br> Desde el punto de vista de la ingenier\u00eda, la implantaci\u00f3n de sistemas de generaci\u00f3n de energ\u00eda el\u00e9ctrica de origen renovable es compleja, porque cada caso es diferente y requiere un estudio previo por parte de nuestro equipo t\u00e9cnico para encontrar la soluci\u00f3n m\u00e1s adecuada.<\/p>\n\n\n\n<p><br> El modo de proceder para abordar este tipo de proyectos es el siguiente: En primer lugar, es necesario hacer un estudio espec\u00edfico de cada caso particular, porque dentro de las posibilidades t\u00e9cnicas y jur\u00eddicas, las opciones son muy diversas.<\/p>\n\n\n\n<p><br> Es importante decidir si el coste de la instalaci\u00f3n correr\u00e1 a cargo del consumidor, o si es preciso incorporar en la ecuaci\u00f3n a un financiador o inversor que obtendr\u00e1 una rentabilidad por su participaci\u00f3n.<br> Le invitamos en cualquier caso a que nos proponga su caso y lo estudiaremos con atenci\u00f3n.<\/p>\n","protected":false},"excerpt":{"rendered":"<p>Las posibilidades que ha abierto la aplicaci\u00f3n del com\u00fanmente llamado \u201cReal Decreto de autoconsumo el\u00e9ctrico\u201d son muy recientes, de este a\u00f1o; y adem\u00e1s, suponen un cambio significativo en la forma de concebir la gesti\u00f3n de la necesaria energ\u00eda el\u00e9ctrica que desde la forma m\u00e1s b\u00e1sica de construcci\u00f3n, hasta la m\u00e1s compleja edificaci\u00f3n precisan. Sin \u00e1nimo de resultar excesivamente pedag\u00f3gicos, utilizaremos una sencilla comparaci\u00f3n para hacerles entender la enorme ventaja de asumir este sistema. Ante su necesidad de tomates, ustedes pueden&hellip;<\/p>\n","protected":false},"author":1,"featured_media":0,"parent":0,"menu_order":0,"comment_status":"closed","ping_status":"closed","template":"","meta":{"footnotes":""},"class_list":["post-555","page","type-page","status-publish","hentry"],"yoast_head":"<!-- This site is optimized with the Yoast SEO plugin v27.0 - https:\/\/yoast.com\/product\/yoast-seo-wordpress\/ -->\n<title>Autoconsumo - Energ\u00eda.es<\/title>\n<meta name=\"description\" content=\"Las posibilidades que ha abierto la aplicaci\u00f3n del com\u00fanmente llamado \u201cReal Decreto de autoconsumo el\u00e9ctrico\u201d son muy recientes, de este a\u00f1o; y adem\u00e1s,\" \/>\n<meta name=\"robots\" content=\"index, follow, max-snippet:-1, max-image-preview:large, max-video-preview:-1\" \/>\n<link rel=\"canonical\" href=\"https:\/\/www.energia.es\/?page_id=555\" \/>\n<meta property=\"og:locale\" content=\"es_ES\" \/>\n<meta property=\"og:type\" content=\"article\" \/>\n<meta property=\"og:title\" content=\"Autoconsumo - Energ\u00eda.es\" \/>\n<meta property=\"og:description\" content=\"Las posibilidades que ha abierto la aplicaci\u00f3n del com\u00fanmente llamado \u201cReal Decreto de autoconsumo el\u00e9ctrico\u201d son muy recientes, de este a\u00f1o; y adem\u00e1s,\" \/>\n<meta property=\"og:url\" content=\"https:\/\/www.energia.es\/?page_id=555\" \/>\n<meta property=\"og:site_name\" content=\"Energ\u00eda.es\" \/>\n<meta name=\"twitter:card\" content=\"summary_large_image\" \/>\n<meta name=\"twitter:label1\" content=\"Tiempo de lectura\" \/>\n\t<meta name=\"twitter:data1\" content=\"2 minutos\" \/>\n<script type=\"application\/ld+json\" class=\"yoast-schema-graph\">{\"@context\":\"https:\/\/schema.org\",\"@graph\":[{\"@type\":\"WebPage\",\"@id\":\"https:\/\/www.energia.es\/?page_id=555\",\"url\":\"https:\/\/www.energia.es\/?page_id=555\",\"name\":\"Autoconsumo - Energ\u00eda.es\",\"isPartOf\":{\"@id\":\"https:\/\/www.energia.es\/#website\"},\"datePublished\":\"2019-06-29T17:42:13+00:00\",\"description\":\"Las posibilidades que ha abierto la aplicaci\u00f3n del com\u00fanmente llamado \u201cReal Decreto de autoconsumo el\u00e9ctrico\u201d son muy recientes, de este a\u00f1o; y adem\u00e1s,\",\"breadcrumb\":{\"@id\":\"https:\/\/www.energia.es\/?page_id=555#breadcrumb\"},\"inLanguage\":\"es\",\"potentialAction\":[{\"@type\":\"ReadAction\",\"target\":[\"https:\/\/www.energia.es\/?page_id=555\"]}]},{\"@type\":\"BreadcrumbList\",\"@id\":\"https:\/\/www.energia.es\/?page_id=555#breadcrumb\",\"itemListElement\":[{\"@type\":\"ListItem\",\"position\":1,\"name\":\"Portada\",\"item\":\"https:\/\/www.energia.es\/\"},{\"@type\":\"ListItem\",\"position\":2,\"name\":\"Autoconsumo\"}]},{\"@type\":\"WebSite\",\"@id\":\"https:\/\/www.energia.es\/#website\",\"url\":\"https:\/\/www.energia.es\/\",\"name\":\"Energ\u00eda.es\",\"description\":\"Servicios de ingenier\u00eda\",\"potentialAction\":[{\"@type\":\"SearchAction\",\"target\":{\"@type\":\"EntryPoint\",\"urlTemplate\":\"https:\/\/www.energia.es\/?s={search_term_string}\"},\"query-input\":{\"@type\":\"PropertyValueSpecification\",\"valueRequired\":true,\"valueName\":\"search_term_string\"}}],\"inLanguage\":\"es\"}]}<\/script>\n<!-- \/ Yoast SEO plugin. -->","yoast_head_json":{"title":"Autoconsumo - Energ\u00eda.es","description":"Las posibilidades que ha abierto la aplicaci\u00f3n del com\u00fanmente llamado \u201cReal Decreto de autoconsumo el\u00e9ctrico\u201d son muy recientes, de este a\u00f1o; y adem\u00e1s,","robots":{"index":"index","follow":"follow","max-snippet":"max-snippet:-1","max-image-preview":"max-image-preview:large","max-video-preview":"max-video-preview:-1"},"canonical":"https:\/\/www.energia.es\/?page_id=555","og_locale":"es_ES","og_type":"article","og_title":"Autoconsumo - Energ\u00eda.es","og_description":"Las posibilidades que ha abierto la aplicaci\u00f3n del com\u00fanmente llamado \u201cReal Decreto de autoconsumo el\u00e9ctrico\u201d son muy recientes, de este a\u00f1o; y adem\u00e1s,","og_url":"https:\/\/www.energia.es\/?page_id=555","og_site_name":"Energ\u00eda.es","twitter_card":"summary_large_image","twitter_misc":{"Tiempo de lectura":"2 minutos"},"schema":{"@context":"https:\/\/schema.org","@graph":[{"@type":"WebPage","@id":"https:\/\/www.energia.es\/?page_id=555","url":"https:\/\/www.energia.es\/?page_id=555","name":"Autoconsumo - Energ\u00eda.es","isPartOf":{"@id":"https:\/\/www.energia.es\/#website"},"datePublished":"2019-06-29T17:42:13+00:00","description":"Las posibilidades que ha abierto la aplicaci\u00f3n del com\u00fanmente llamado \u201cReal Decreto de autoconsumo el\u00e9ctrico\u201d son muy recientes, de este a\u00f1o; y adem\u00e1s,","breadcrumb":{"@id":"https:\/\/www.energia.es\/?page_id=555#breadcrumb"},"inLanguage":"es","potentialAction":[{"@type":"ReadAction","target":["https:\/\/www.energia.es\/?page_id=555"]}]},{"@type":"BreadcrumbList","@id":"https:\/\/www.energia.es\/?page_id=555#breadcrumb","itemListElement":[{"@type":"ListItem","position":1,"name":"Portada","item":"https:\/\/www.energia.es\/"},{"@type":"ListItem","position":2,"name":"Autoconsumo"}]},{"@type":"WebSite","@id":"https:\/\/www.energia.es\/#website","url":"https:\/\/www.energia.es\/","name":"Energ\u00eda.es","description":"Servicios de ingenier\u00eda","potentialAction":[{"@type":"SearchAction","target":{"@type":"EntryPoint","urlTemplate":"https:\/\/www.energia.es\/?s={search_term_string}"},"query-input":{"@type":"PropertyValueSpecification","valueRequired":true,"valueName":"search_term_string"}}],"inLanguage":"es"}]}},"_links":{"self":[{"href":"https:\/\/www.energia.es\/index.php?rest_route=\/wp\/v2\/pages\/555","targetHints":{"allow":["GET"]}}],"collection":[{"href":"https:\/\/www.energia.es\/index.php?rest_route=\/wp\/v2\/pages"}],"about":[{"href":"https:\/\/www.energia.es\/index.php?rest_route=\/wp\/v2\/types\/page"}],"author":[{"embeddable":true,"href":"https:\/\/www.energia.es\/index.php?rest_route=\/wp\/v2\/users\/1"}],"replies":[{"embeddable":true,"href":"https:\/\/www.energia.es\/index.php?rest_route=%2Fwp%2Fv2%2Fcomments&post=555"}],"version-history":[{"count":1,"href":"https:\/\/www.energia.es\/index.php?rest_route=\/wp\/v2\/pages\/555\/revisions"}],"predecessor-version":[{"id":556,"href":"https:\/\/www.energia.es\/index.php?rest_route=\/wp\/v2\/pages\/555\/revisions\/556"}],"wp:attachment":[{"href":"https:\/\/www.energia.es\/index.php?rest_route=%2Fwp%2Fv2%2Fmedia&parent=555"}],"curies":[{"name":"wp","href":"https:\/\/api.w.org\/{rel}","templated":true}]}}